{"id":15653,"date":"2025-07-30T00:47:20","date_gmt":"2025-07-30T00:47:20","guid":{"rendered":"https:\/\/resonanciatiendaholistica.com\/index.php\/producto\/dije-bruto-plata-amatista\/"},"modified":"2025-07-30T02:27:34","modified_gmt":"2025-07-30T02:27:34","slug":"dije-bruto-plata-amatista","status":"publish","type":"product","link":"https:\/\/resonanciatiendaholistica.com\/index.php\/producto\/dije-bruto-plata-amatista\/","title":{"rendered":"DIJE BRUTO PLATA AMATISTA"},"content":{"rendered":"","protected":false},"excerpt":{"rendered":"<p>Dije con Piedra Amatista en Bruto, Porta Dije Elecroplata<br \/>\nEl dije consiste en una piedra amatista en bruto, lo que significa que la piedra no ha sido pulida ni tallada, conservando su forma y textura natural. La amatista es una variedad de cuarzo de color violeta, conocida por su belleza y propiedades curativas. La piedra de amatista se encuentra en su estado original, lo que le da un aspecto org\u00e1nico y aut\u00e9ntico. Su color violeta puede variar en tonalidades, lo que hace que cada dije sea \u00fanico y especial. El dije est\u00e1 montado en un portadije de electroplata plateado, la electroplata es un proceso que implica recubrir una pieza de metal con una capa delgada de plateado, lo que le otorga un brillo y un aspecto lujoso sin ser completamente de plata.<\/p>\n","protected":false},"featured_media":16005,"comment_status":"open","ping_status":"closed","template":"","meta":[],"product_brand":[],"product_cat":[20],"product_tag":[],"class_list":{"0":"post-15653","1":"product","2":"type-product","3":"status-publish","4":"has-post-thumbnail","6":"product_cat-accessories","8":"first","9":"instock","10":"shipping-taxable","11":"purchasable","12":"product-type-simple"},"yoast_head":"<!-- This site is optimized with the Yoast SEO plugin v27.0 - https:\/\/yoast.com\/product\/yoast-seo-wordpress\/ -->\n<title>DIJE BRUTO PLATA AMATISTA - Resonancia Holistica<\/title>\n<meta name=\"robots\" content=\"index, follow, max-snippet:-1, max-image-preview:large, max-video-preview:-1\" \/>\n<link rel=\"canonical\" href=\"https:\/\/resonanciatiendaholistica.com\/index.php\/producto\/dije-bruto-plata-amatista\/\" \/>\n<meta property=\"og:locale\" content=\"es_ES\" \/>\n<meta property=\"og:type\" content=\"article\" \/>\n<meta property=\"og:title\" content=\"DIJE BRUTO PLATA AMATISTA - Resonancia Holistica\" \/>\n<meta property=\"og:description\" content=\"Dije con Piedra Amatista en Bruto, Porta Dije Elecroplata El dije consiste en una piedra amatista en bruto, lo que significa que la piedra no ha sido pulida ni tallada, conservando su forma y textura natural. La amatista es una variedad de cuarzo de color violeta, conocida por su belleza y propiedades curativas. La piedra de amatista se encuentra en su estado original, lo que le da un aspecto org\u00e1nico y aut\u00e9ntico. Su color violeta puede variar en tonalidades, lo que hace que cada dije sea \u00fanico y especial. El dije est\u00e1 montado en un portadije de electroplata plateado, la electroplata es un proceso que implica recubrir una pieza de metal con una capa delgada de plateado, lo que le otorga un brillo y un aspecto lujoso sin ser completamente de plata.\" \/>\n<meta property=\"og:url\" content=\"https:\/\/resonanciatiendaholistica.com\/index.php\/producto\/dije-bruto-plata-amatista\/\" \/>\n<meta property=\"og:site_name\" content=\"Resonancia Holistica\" \/>\n<meta property=\"article:modified_time\" content=\"2025-07-30T02:27:34+00:00\" \/>\n<meta property=\"og:image\" content=\"https:\/\/resonanciatiendaholistica.com\/wp-content\/uploads\/2025\/07\/IMG_20250517_124052130_HDR-scaled.jpg\" \/>\n\t<meta property=\"og:image:width\" content=\"1920\" \/>\n\t<meta property=\"og:image:height\" content=\"2560\" \/>\n\t<meta property=\"og:image:type\" content=\"image\/jpeg\" \/>\n<meta name=\"twitter:card\" content=\"summary_large_image\" \/>\n<script type=\"application\/ld+json\" class=\"yoast-schema-graph\">{\"@context\":\"https:\/\/schema.org\",\"@graph\":[{\"@type\":\"WebPage\",\"@id\":\"https:\/\/resonanciatiendaholistica.com\/index.php\/producto\/dije-bruto-plata-amatista\/\",\"url\":\"https:\/\/resonanciatiendaholistica.com\/index.php\/producto\/dije-bruto-plata-amatista\/\",\"name\":\"DIJE BRUTO PLATA AMATISTA - Resonancia Holistica\",\"isPartOf\":{\"@id\":\"https:\/\/resonanciatiendaholistica.com\/#website\"},\"primaryImageOfPage\":{\"@id\":\"https:\/\/resonanciatiendaholistica.com\/index.php\/producto\/dije-bruto-plata-amatista\/#primaryimage\"},\"image\":{\"@id\":\"https:\/\/resonanciatiendaholistica.com\/index.php\/producto\/dije-bruto-plata-amatista\/#primaryimage\"},\"thumbnailUrl\":\"https:\/\/resonanciatiendaholistica.com\/wp-content\/uploads\/2025\/07\/IMG_20250517_124052130_HDR-scaled.jpg\",\"datePublished\":\"2025-07-30T00:47:20+00:00\",\"dateModified\":\"2025-07-30T02:27:34+00:00\",\"breadcrumb\":{\"@id\":\"https:\/\/resonanciatiendaholistica.com\/index.php\/producto\/dije-bruto-plata-amatista\/#breadcrumb\"},\"inLanguage\":\"es\",\"potentialAction\":[{\"@type\":\"ReadAction\",\"target\":[\"https:\/\/resonanciatiendaholistica.com\/index.php\/producto\/dije-bruto-plata-amatista\/\"]}]},{\"@type\":\"ImageObject\",\"inLanguage\":\"es\",\"@id\":\"https:\/\/resonanciatiendaholistica.com\/index.php\/producto\/dije-bruto-plata-amatista\/#primaryimage\",\"url\":\"https:\/\/resonanciatiendaholistica.com\/wp-content\/uploads\/2025\/07\/IMG_20250517_124052130_HDR-scaled.jpg\",\"contentUrl\":\"https:\/\/resonanciatiendaholistica.com\/wp-content\/uploads\/2025\/07\/IMG_20250517_124052130_HDR-scaled.jpg\",\"width\":1920,\"height\":2560},{\"@type\":\"BreadcrumbList\",\"@id\":\"https:\/\/resonanciatiendaholistica.com\/index.php\/producto\/dije-bruto-plata-amatista\/#breadcrumb\",\"itemListElement\":[{\"@type\":\"ListItem\",\"position\":1,\"name\":\"Portada\",\"item\":\"https:\/\/resonanciatiendaholistica.com\/\"},{\"@type\":\"ListItem\",\"position\":2,\"name\":\"Shop\",\"item\":\"https:\/\/resonanciatiendaholistica.com\/index.php\/shop\/\"},{\"@type\":\"ListItem\",\"position\":3,\"name\":\"DIJE BRUTO PLATA AMATISTA\"}]},{\"@type\":\"WebSite\",\"@id\":\"https:\/\/resonanciatiendaholistica.com\/#website\",\"url\":\"https:\/\/resonanciatiendaholistica.com\/\",\"name\":\"Resonancia Holistica\",\"description\":\"Descubre nuestros productos hol\u00edsticos y transforma tu espacio, tu cuerpo y tu alma con armon\u00eda y prop\u00f3sito.\",\"potentialAction\":[{\"@type\":\"SearchAction\",\"target\":{\"@type\":\"EntryPoint\",\"urlTemplate\":\"https:\/\/resonanciatiendaholistica.com\/?s={search_term_string}\"},\"query-input\":{\"@type\":\"PropertyValueSpecification\",\"valueRequired\":true,\"valueName\":\"search_term_string\"}}],\"inLanguage\":\"es\"}]}<\/script>\n<!-- \/ Yoast SEO plugin. -->","yoast_head_json":{"title":"DIJE BRUTO PLATA AMATISTA - Resonancia Holistica","robots":{"index":"index","follow":"follow","max-snippet":"max-snippet:-1","max-image-preview":"max-image-preview:large","max-video-preview":"max-video-preview:-1"},"canonical":"https:\/\/resonanciatiendaholistica.com\/index.php\/producto\/dije-bruto-plata-amatista\/","og_locale":"es_ES","og_type":"article","og_title":"DIJE BRUTO PLATA AMATISTA - Resonancia Holistica","og_description":"Dije con Piedra Amatista en Bruto, Porta Dije Elecroplata El dije consiste en una piedra amatista en bruto, lo que significa que la piedra no ha sido pulida ni tallada, conservando su forma y textura natural. La amatista es una variedad de cuarzo de color violeta, conocida por su belleza y propiedades curativas. La piedra de amatista se encuentra en su estado original, lo que le da un aspecto org\u00e1nico y aut\u00e9ntico. Su color violeta puede variar en tonalidades, lo que hace que cada dije sea \u00fanico y especial. El dije est\u00e1 montado en un portadije de electroplata plateado, la electroplata es un proceso que implica recubrir una pieza de metal con una capa delgada de plateado, lo que le otorga un brillo y un aspecto lujoso sin ser completamente de plata.","og_url":"https:\/\/resonanciatiendaholistica.com\/index.php\/producto\/dije-bruto-plata-amatista\/","og_site_name":"Resonancia Holistica","article_modified_time":"2025-07-30T02:27:34+00:00","og_image":[{"width":1920,"height":2560,"url":"https:\/\/resonanciatiendaholistica.com\/wp-content\/uploads\/2025\/07\/IMG_20250517_124052130_HDR-scaled.jpg","type":"image\/jpeg"}],"twitter_card":"summary_large_image","schema":{"@context":"https:\/\/schema.org","@graph":[{"@type":"WebPage","@id":"https:\/\/resonanciatiendaholistica.com\/index.php\/producto\/dije-bruto-plata-amatista\/","url":"https:\/\/resonanciatiendaholistica.com\/index.php\/producto\/dije-bruto-plata-amatista\/","name":"DIJE BRUTO PLATA AMATISTA - Resonancia Holistica","isPartOf":{"@id":"https:\/\/resonanciatiendaholistica.com\/#website"},"primaryImageOfPage":{"@id":"https:\/\/resonanciatiendaholistica.com\/index.php\/producto\/dije-bruto-plata-amatista\/#primaryimage"},"image":{"@id":"https:\/\/resonanciatiendaholistica.com\/index.php\/producto\/dije-bruto-plata-amatista\/#primaryimage"},"thumbnailUrl":"https:\/\/resonanciatiendaholistica.com\/wp-content\/uploads\/2025\/07\/IMG_20250517_124052130_HDR-scaled.jpg","datePublished":"2025-07-30T00:47:20+00:00","dateModified":"2025-07-30T02:27:34+00:00","breadcrumb":{"@id":"https:\/\/resonanciatiendaholistica.com\/index.php\/producto\/dije-bruto-plata-amatista\/#breadcrumb"},"inLanguage":"es","potentialAction":[{"@type":"ReadAction","target":["https:\/\/resonanciatiendaholistica.com\/index.php\/producto\/dije-bruto-plata-amatista\/"]}]},{"@type":"ImageObject","inLanguage":"es","@id":"https:\/\/resonanciatiendaholistica.com\/index.php\/producto\/dije-bruto-plata-amatista\/#primaryimage","url":"https:\/\/resonanciatiendaholistica.com\/wp-content\/uploads\/2025\/07\/IMG_20250517_124052130_HDR-scaled.jpg","contentUrl":"https:\/\/resonanciatiendaholistica.com\/wp-content\/uploads\/2025\/07\/IMG_20250517_124052130_HDR-scaled.jpg","width":1920,"height":2560},{"@type":"BreadcrumbList","@id":"https:\/\/resonanciatiendaholistica.com\/index.php\/producto\/dije-bruto-plata-amatista\/#breadcrumb","itemListElement":[{"@type":"ListItem","position":1,"name":"Portada","item":"https:\/\/resonanciatiendaholistica.com\/"},{"@type":"ListItem","position":2,"name":"Shop","item":"https:\/\/resonanciatiendaholistica.com\/index.php\/shop\/"},{"@type":"ListItem","position":3,"name":"DIJE BRUTO PLATA AMATISTA"}]},{"@type":"WebSite","@id":"https:\/\/resonanciatiendaholistica.com\/#website","url":"https:\/\/resonanciatiendaholistica.com\/","name":"Resonancia Holistica","description":"Descubre nuestros productos hol\u00edsticos y transforma tu espacio, tu cuerpo y tu alma con armon\u00eda y prop\u00f3sito.","potentialAction":[{"@type":"SearchAction","target":{"@type":"EntryPoint","urlTemplate":"https:\/\/resonanciatiendaholistica.com\/?s={search_term_string}"},"query-input":{"@type":"PropertyValueSpecification","valueRequired":true,"valueName":"search_term_string"}}],"inLanguage":"es"}]}},"_links":{"self":[{"href":"https:\/\/resonanciatiendaholistica.com\/index.php\/wp-json\/wp\/v2\/product\/15653","targetHints":{"allow":["GET"]}}],"collection":[{"href":"https:\/\/resonanciatiendaholistica.com\/index.php\/wp-json\/wp\/v2\/product"}],"about":[{"href":"https:\/\/resonanciatiendaholistica.com\/index.php\/wp-json\/wp\/v2\/types\/product"}],"replies":[{"embeddable":true,"href":"https:\/\/resonanciatiendaholistica.com\/index.php\/wp-json\/wp\/v2\/comments?post=15653"}],"version-history":[{"count":2,"href":"https:\/\/resonanciatiendaholistica.com\/index.php\/wp-json\/wp\/v2\/product\/15653\/revisions"}],"predecessor-version":[{"id":16006,"href":"https:\/\/resonanciatiendaholistica.com\/index.php\/wp-json\/wp\/v2\/product\/15653\/revisions\/16006"}],"wp:featuredmedia":[{"embeddable":true,"href":"https:\/\/resonanciatiendaholistica.com\/index.php\/wp-json\/wp\/v2\/media\/16005"}],"wp:attachment":[{"href":"https:\/\/resonanciatiendaholistica.com\/index.php\/wp-json\/wp\/v2\/media?parent=15653"}],"wp:term":[{"taxonomy":"product_brand","embeddable":true,"href":"https:\/\/resonanciatiendaholistica.com\/index.php\/wp-json\/wp\/v2\/product_brand?post=15653"},{"taxonomy":"product_cat","embeddable":true,"href":"https:\/\/resonanciatiendaholistica.com\/index.php\/wp-json\/wp\/v2\/product_cat?post=15653"},{"taxonomy":"product_tag","embeddable":true,"href":"https:\/\/resonanciatiendaholistica.com\/index.php\/wp-json\/wp\/v2\/product_tag?post=15653"}],"curies":[{"name":"wp","href":"https:\/\/api.w.org\/{rel}","templated":true}]}}