{"id":15656,"date":"2025-07-30T00:47:20","date_gmt":"2025-07-30T00:47:20","guid":{"rendered":"https:\/\/resonanciatiendaholistica.com\/index.php\/producto\/dije-bruto-aqua-aura\/"},"modified":"2025-07-30T02:22:05","modified_gmt":"2025-07-30T02:22:05","slug":"dije-bruto-aqua-aura","status":"publish","type":"product","link":"https:\/\/resonanciatiendaholistica.com\/index.php\/producto\/dije-bruto-aqua-aura\/","title":{"rendered":"DIJE BRUTO AQUA AURA"},"content":{"rendered":"","protected":false},"excerpt":{"rendered":"<p>Dije con Piedra aqua aura en Bruto, Porta Dije Elecroplata<br \/>\nEl dije consiste en una piedra aqua aura en bruto, lo que significa que la piedra no ha sido pulida ni tallada, conservando su forma y textura natural. La aqua aura se encuentra en su estado original, lo que le da un aspecto org\u00e1nico y aut\u00e9ntico. Su color puede variar en tonalidades, lo que hace que cada dije sea \u00fanico y especial. El dije est\u00e1 montado en un portadije de electroplata dorado.<\/p>\n","protected":false},"featured_media":15991,"comment_status":"open","ping_status":"closed","template":"","meta":[],"product_brand":[],"product_cat":[20],"product_tag":[],"class_list":{"0":"post-15656","1":"product","2":"type-product","3":"status-publish","4":"has-post-thumbnail","6":"product_cat-accessories","8":"first","9":"instock","10":"shipping-taxable","11":"purchasable","12":"product-type-simple"},"yoast_head":"<!-- This site is optimized with the Yoast SEO plugin v27.0 - https:\/\/yoast.com\/product\/yoast-seo-wordpress\/ -->\n<title>DIJE BRUTO AQUA AURA - Resonancia Holistica<\/title>\n<meta name=\"robots\" content=\"index, follow, max-snippet:-1, max-image-preview:large, max-video-preview:-1\" \/>\n<link rel=\"canonical\" href=\"https:\/\/resonanciatiendaholistica.com\/index.php\/producto\/dije-bruto-aqua-aura\/\" \/>\n<meta property=\"og:locale\" content=\"es_ES\" \/>\n<meta property=\"og:type\" content=\"article\" \/>\n<meta property=\"og:title\" content=\"DIJE BRUTO AQUA AURA - Resonancia Holistica\" \/>\n<meta property=\"og:description\" content=\"Dije con Piedra aqua aura en Bruto, Porta Dije Elecroplata El dije consiste en una piedra aqua aura en bruto, lo que significa que la piedra no ha sido pulida ni tallada, conservando su forma y textura natural. La aqua aura se encuentra en su estado original, lo que le da un aspecto org\u00e1nico y aut\u00e9ntico. Su color puede variar en tonalidades, lo que hace que cada dije sea \u00fanico y especial. El dije est\u00e1 montado en un portadije de electroplata dorado.\" \/>\n<meta property=\"og:url\" content=\"https:\/\/resonanciatiendaholistica.com\/index.php\/producto\/dije-bruto-aqua-aura\/\" \/>\n<meta property=\"og:site_name\" content=\"Resonancia Holistica\" \/>\n<meta property=\"article:modified_time\" content=\"2025-07-30T02:22:05+00:00\" \/>\n<meta property=\"og:image\" content=\"https:\/\/resonanciatiendaholistica.com\/wp-content\/uploads\/2025\/07\/IMG_20250517_134212262_HDR-scaled.jpg\" \/>\n\t<meta property=\"og:image:width\" content=\"1920\" \/>\n\t<meta property=\"og:image:height\" content=\"2560\" \/>\n\t<meta property=\"og:image:type\" content=\"image\/jpeg\" \/>\n<meta name=\"twitter:card\" content=\"summary_large_image\" \/>\n<script type=\"application\/ld+json\" class=\"yoast-schema-graph\">{\"@context\":\"https:\/\/schema.org\",\"@graph\":[{\"@type\":\"WebPage\",\"@id\":\"https:\/\/resonanciatiendaholistica.com\/index.php\/producto\/dije-bruto-aqua-aura\/\",\"url\":\"https:\/\/resonanciatiendaholistica.com\/index.php\/producto\/dije-bruto-aqua-aura\/\",\"name\":\"DIJE BRUTO AQUA AURA - Resonancia Holistica\",\"isPartOf\":{\"@id\":\"https:\/\/resonanciatiendaholistica.com\/#website\"},\"primaryImageOfPage\":{\"@id\":\"https:\/\/resonanciatiendaholistica.com\/index.php\/producto\/dije-bruto-aqua-aura\/#primaryimage\"},\"image\":{\"@id\":\"https:\/\/resonanciatiendaholistica.com\/index.php\/producto\/dije-bruto-aqua-aura\/#primaryimage\"},\"thumbnailUrl\":\"https:\/\/resonanciatiendaholistica.com\/wp-content\/uploads\/2025\/07\/IMG_20250517_134212262_HDR-scaled.jpg\",\"datePublished\":\"2025-07-30T00:47:20+00:00\",\"dateModified\":\"2025-07-30T02:22:05+00:00\",\"breadcrumb\":{\"@id\":\"https:\/\/resonanciatiendaholistica.com\/index.php\/producto\/dije-bruto-aqua-aura\/#breadcrumb\"},\"inLanguage\":\"es\",\"potentialAction\":[{\"@type\":\"ReadAction\",\"target\":[\"https:\/\/resonanciatiendaholistica.com\/index.php\/producto\/dije-bruto-aqua-aura\/\"]}]},{\"@type\":\"ImageObject\",\"inLanguage\":\"es\",\"@id\":\"https:\/\/resonanciatiendaholistica.com\/index.php\/producto\/dije-bruto-aqua-aura\/#primaryimage\",\"url\":\"https:\/\/resonanciatiendaholistica.com\/wp-content\/uploads\/2025\/07\/IMG_20250517_134212262_HDR-scaled.jpg\",\"contentUrl\":\"https:\/\/resonanciatiendaholistica.com\/wp-content\/uploads\/2025\/07\/IMG_20250517_134212262_HDR-scaled.jpg\",\"width\":1920,\"height\":2560},{\"@type\":\"BreadcrumbList\",\"@id\":\"https:\/\/resonanciatiendaholistica.com\/index.php\/producto\/dije-bruto-aqua-aura\/#breadcrumb\",\"itemListElement\":[{\"@type\":\"ListItem\",\"position\":1,\"name\":\"Portada\",\"item\":\"https:\/\/resonanciatiendaholistica.com\/\"},{\"@type\":\"ListItem\",\"position\":2,\"name\":\"Shop\",\"item\":\"https:\/\/resonanciatiendaholistica.com\/index.php\/shop\/\"},{\"@type\":\"ListItem\",\"position\":3,\"name\":\"DIJE BRUTO AQUA AURA\"}]},{\"@type\":\"WebSite\",\"@id\":\"https:\/\/resonanciatiendaholistica.com\/#website\",\"url\":\"https:\/\/resonanciatiendaholistica.com\/\",\"name\":\"Resonancia Holistica\",\"description\":\"Descubre nuestros productos hol\u00edsticos y transforma tu espacio, tu cuerpo y tu alma con armon\u00eda y prop\u00f3sito.\",\"potentialAction\":[{\"@type\":\"SearchAction\",\"target\":{\"@type\":\"EntryPoint\",\"urlTemplate\":\"https:\/\/resonanciatiendaholistica.com\/?s={search_term_string}\"},\"query-input\":{\"@type\":\"PropertyValueSpecification\",\"valueRequired\":true,\"valueName\":\"search_term_string\"}}],\"inLanguage\":\"es\"}]}<\/script>\n<!-- \/ Yoast SEO plugin. -->","yoast_head_json":{"title":"DIJE BRUTO AQUA AURA - Resonancia Holistica","robots":{"index":"index","follow":"follow","max-snippet":"max-snippet:-1","max-image-preview":"max-image-preview:large","max-video-preview":"max-video-preview:-1"},"canonical":"https:\/\/resonanciatiendaholistica.com\/index.php\/producto\/dije-bruto-aqua-aura\/","og_locale":"es_ES","og_type":"article","og_title":"DIJE BRUTO AQUA AURA - Resonancia Holistica","og_description":"Dije con Piedra aqua aura en Bruto, Porta Dije Elecroplata El dije consiste en una piedra aqua aura en bruto, lo que significa que la piedra no ha sido pulida ni tallada, conservando su forma y textura natural. La aqua aura se encuentra en su estado original, lo que le da un aspecto org\u00e1nico y aut\u00e9ntico. Su color puede variar en tonalidades, lo que hace que cada dije sea \u00fanico y especial. El dije est\u00e1 montado en un portadije de electroplata dorado.","og_url":"https:\/\/resonanciatiendaholistica.com\/index.php\/producto\/dije-bruto-aqua-aura\/","og_site_name":"Resonancia Holistica","article_modified_time":"2025-07-30T02:22:05+00:00","og_image":[{"width":1920,"height":2560,"url":"https:\/\/resonanciatiendaholistica.com\/wp-content\/uploads\/2025\/07\/IMG_20250517_134212262_HDR-scaled.jpg","type":"image\/jpeg"}],"twitter_card":"summary_large_image","schema":{"@context":"https:\/\/schema.org","@graph":[{"@type":"WebPage","@id":"https:\/\/resonanciatiendaholistica.com\/index.php\/producto\/dije-bruto-aqua-aura\/","url":"https:\/\/resonanciatiendaholistica.com\/index.php\/producto\/dije-bruto-aqua-aura\/","name":"DIJE BRUTO AQUA AURA - Resonancia Holistica","isPartOf":{"@id":"https:\/\/resonanciatiendaholistica.com\/#website"},"primaryImageOfPage":{"@id":"https:\/\/resonanciatiendaholistica.com\/index.php\/producto\/dije-bruto-aqua-aura\/#primaryimage"},"image":{"@id":"https:\/\/resonanciatiendaholistica.com\/index.php\/producto\/dije-bruto-aqua-aura\/#primaryimage"},"thumbnailUrl":"https:\/\/resonanciatiendaholistica.com\/wp-content\/uploads\/2025\/07\/IMG_20250517_134212262_HDR-scaled.jpg","datePublished":"2025-07-30T00:47:20+00:00","dateModified":"2025-07-30T02:22:05+00:00","breadcrumb":{"@id":"https:\/\/resonanciatiendaholistica.com\/index.php\/producto\/dije-bruto-aqua-aura\/#breadcrumb"},"inLanguage":"es","potentialAction":[{"@type":"ReadAction","target":["https:\/\/resonanciatiendaholistica.com\/index.php\/producto\/dije-bruto-aqua-aura\/"]}]},{"@type":"ImageObject","inLanguage":"es","@id":"https:\/\/resonanciatiendaholistica.com\/index.php\/producto\/dije-bruto-aqua-aura\/#primaryimage","url":"https:\/\/resonanciatiendaholistica.com\/wp-content\/uploads\/2025\/07\/IMG_20250517_134212262_HDR-scaled.jpg","contentUrl":"https:\/\/resonanciatiendaholistica.com\/wp-content\/uploads\/2025\/07\/IMG_20250517_134212262_HDR-scaled.jpg","width":1920,"height":2560},{"@type":"BreadcrumbList","@id":"https:\/\/resonanciatiendaholistica.com\/index.php\/producto\/dije-bruto-aqua-aura\/#breadcrumb","itemListElement":[{"@type":"ListItem","position":1,"name":"Portada","item":"https:\/\/resonanciatiendaholistica.com\/"},{"@type":"ListItem","position":2,"name":"Shop","item":"https:\/\/resonanciatiendaholistica.com\/index.php\/shop\/"},{"@type":"ListItem","position":3,"name":"DIJE BRUTO AQUA AURA"}]},{"@type":"WebSite","@id":"https:\/\/resonanciatiendaholistica.com\/#website","url":"https:\/\/resonanciatiendaholistica.com\/","name":"Resonancia Holistica","description":"Descubre nuestros productos hol\u00edsticos y transforma tu espacio, tu cuerpo y tu alma con armon\u00eda y prop\u00f3sito.","potentialAction":[{"@type":"SearchAction","target":{"@type":"EntryPoint","urlTemplate":"https:\/\/resonanciatiendaholistica.com\/?s={search_term_string}"},"query-input":{"@type":"PropertyValueSpecification","valueRequired":true,"valueName":"search_term_string"}}],"inLanguage":"es"}]}},"_links":{"self":[{"href":"https:\/\/resonanciatiendaholistica.com\/index.php\/wp-json\/wp\/v2\/product\/15656","targetHints":{"allow":["GET"]}}],"collection":[{"href":"https:\/\/resonanciatiendaholistica.com\/index.php\/wp-json\/wp\/v2\/product"}],"about":[{"href":"https:\/\/resonanciatiendaholistica.com\/index.php\/wp-json\/wp\/v2\/types\/product"}],"replies":[{"embeddable":true,"href":"https:\/\/resonanciatiendaholistica.com\/index.php\/wp-json\/wp\/v2\/comments?post=15656"}],"version-history":[{"count":1,"href":"https:\/\/resonanciatiendaholistica.com\/index.php\/wp-json\/wp\/v2\/product\/15656\/revisions"}],"predecessor-version":[{"id":15992,"href":"https:\/\/resonanciatiendaholistica.com\/index.php\/wp-json\/wp\/v2\/product\/15656\/revisions\/15992"}],"wp:featuredmedia":[{"embeddable":true,"href":"https:\/\/resonanciatiendaholistica.com\/index.php\/wp-json\/wp\/v2\/media\/15991"}],"wp:attachment":[{"href":"https:\/\/resonanciatiendaholistica.com\/index.php\/wp-json\/wp\/v2\/media?parent=15656"}],"wp:term":[{"taxonomy":"product_brand","embeddable":true,"href":"https:\/\/resonanciatiendaholistica.com\/index.php\/wp-json\/wp\/v2\/product_brand?post=15656"},{"taxonomy":"product_cat","embeddable":true,"href":"https:\/\/resonanciatiendaholistica.com\/index.php\/wp-json\/wp\/v2\/product_cat?post=15656"},{"taxonomy":"product_tag","embeddable":true,"href":"https:\/\/resonanciatiendaholistica.com\/index.php\/wp-json\/wp\/v2\/product_tag?post=15656"}],"curies":[{"name":"wp","href":"https:\/\/api.w.org\/{rel}","templated":true}]}}