{"id":15685,"date":"2025-07-30T00:47:22","date_gmt":"2025-07-30T00:47:22","guid":{"rendered":"https:\/\/resonanciatiendaholistica.com\/index.php\/producto\/dije-trebol-grande-conexion-vital\/"},"modified":"2025-07-30T01:40:30","modified_gmt":"2025-07-30T01:40:30","slug":"dije-trebol-grande-conexion-vital","status":"publish","type":"product","link":"https:\/\/resonanciatiendaholistica.com\/index.php\/producto\/dije-trebol-grande-conexion-vital\/","title":{"rendered":"DIJE TREBOL GRANDE CONEXI\u00d3N VITAL"},"content":{"rendered":"","protected":false},"excerpt":{"rendered":"<p>Dije trebol en plat critales naturales<br \/>\n&#8211; Fabricados de forma artesanal (var\u00edan los colores de la piedras. No hay dos iguales)<br \/>\n(No incluye cadena)<br \/>\n&#8211; Las piezas que se entregar\u00e1n son similares a las de las fotograf\u00edas en color y tama\u00f1o.<\/p>\n","protected":false},"featured_media":15900,"comment_status":"open","ping_status":"closed","template":"","meta":[],"product_brand":[],"product_cat":[20],"product_tag":[],"class_list":{"0":"post-15685","1":"product","2":"type-product","3":"status-publish","4":"has-post-thumbnail","6":"product_cat-accessories","8":"first","9":"instock","10":"shipping-taxable","11":"purchasable","12":"product-type-simple"},"yoast_head":"<!-- This site is optimized with the Yoast SEO plugin v27.0 - https:\/\/yoast.com\/product\/yoast-seo-wordpress\/ -->\n<title>DIJE TREBOL GRANDE CONEXI\u00d3N VITAL - Resonancia Holistica<\/title>\n<meta name=\"robots\" content=\"index, follow, max-snippet:-1, max-image-preview:large, max-video-preview:-1\" \/>\n<link rel=\"canonical\" href=\"https:\/\/resonanciatiendaholistica.com\/index.php\/producto\/dije-trebol-grande-conexion-vital\/\" \/>\n<meta property=\"og:locale\" content=\"es_ES\" \/>\n<meta property=\"og:type\" content=\"article\" \/>\n<meta property=\"og:title\" content=\"DIJE TREBOL GRANDE CONEXI\u00d3N VITAL - Resonancia Holistica\" \/>\n<meta property=\"og:description\" content=\"Dije trebol en plat critales naturales - Fabricados de forma artesanal (var\u00edan los colores de la piedras. No hay dos iguales) (No incluye cadena) - Las piezas que se entregar\u00e1n son similares a las de las fotograf\u00edas en color y tama\u00f1o.\" \/>\n<meta property=\"og:url\" content=\"https:\/\/resonanciatiendaholistica.com\/index.php\/producto\/dije-trebol-grande-conexion-vital\/\" \/>\n<meta property=\"og:site_name\" content=\"Resonancia Holistica\" \/>\n<meta property=\"article:modified_time\" content=\"2025-07-30T01:40:30+00:00\" \/>\n<meta property=\"og:image\" content=\"https:\/\/resonanciatiendaholistica.com\/wp-content\/uploads\/2025\/07\/IMG_20250517_160138290_HDR-scaled.jpg\" \/>\n\t<meta property=\"og:image:width\" content=\"1920\" \/>\n\t<meta property=\"og:image:height\" content=\"2560\" \/>\n\t<meta property=\"og:image:type\" content=\"image\/jpeg\" \/>\n<meta name=\"twitter:card\" content=\"summary_large_image\" \/>\n<script type=\"application\/ld+json\" class=\"yoast-schema-graph\">{\"@context\":\"https:\/\/schema.org\",\"@graph\":[{\"@type\":\"WebPage\",\"@id\":\"https:\/\/resonanciatiendaholistica.com\/index.php\/producto\/dije-trebol-grande-conexion-vital\/\",\"url\":\"https:\/\/resonanciatiendaholistica.com\/index.php\/producto\/dije-trebol-grande-conexion-vital\/\",\"name\":\"DIJE TREBOL GRANDE CONEXI\u00d3N VITAL - Resonancia Holistica\",\"isPartOf\":{\"@id\":\"https:\/\/resonanciatiendaholistica.com\/#website\"},\"primaryImageOfPage\":{\"@id\":\"https:\/\/resonanciatiendaholistica.com\/index.php\/producto\/dije-trebol-grande-conexion-vital\/#primaryimage\"},\"image\":{\"@id\":\"https:\/\/resonanciatiendaholistica.com\/index.php\/producto\/dije-trebol-grande-conexion-vital\/#primaryimage\"},\"thumbnailUrl\":\"https:\/\/resonanciatiendaholistica.com\/wp-content\/uploads\/2025\/07\/IMG_20250517_160138290_HDR-scaled.jpg\",\"datePublished\":\"2025-07-30T00:47:22+00:00\",\"dateModified\":\"2025-07-30T01:40:30+00:00\",\"breadcrumb\":{\"@id\":\"https:\/\/resonanciatiendaholistica.com\/index.php\/producto\/dije-trebol-grande-conexion-vital\/#breadcrumb\"},\"inLanguage\":\"es\",\"potentialAction\":[{\"@type\":\"ReadAction\",\"target\":[\"https:\/\/resonanciatiendaholistica.com\/index.php\/producto\/dije-trebol-grande-conexion-vital\/\"]}]},{\"@type\":\"ImageObject\",\"inLanguage\":\"es\",\"@id\":\"https:\/\/resonanciatiendaholistica.com\/index.php\/producto\/dije-trebol-grande-conexion-vital\/#primaryimage\",\"url\":\"https:\/\/resonanciatiendaholistica.com\/wp-content\/uploads\/2025\/07\/IMG_20250517_160138290_HDR-scaled.jpg\",\"contentUrl\":\"https:\/\/resonanciatiendaholistica.com\/wp-content\/uploads\/2025\/07\/IMG_20250517_160138290_HDR-scaled.jpg\",\"width\":1920,\"height\":2560},{\"@type\":\"BreadcrumbList\",\"@id\":\"https:\/\/resonanciatiendaholistica.com\/index.php\/producto\/dije-trebol-grande-conexion-vital\/#breadcrumb\",\"itemListElement\":[{\"@type\":\"ListItem\",\"position\":1,\"name\":\"Portada\",\"item\":\"https:\/\/resonanciatiendaholistica.com\/\"},{\"@type\":\"ListItem\",\"position\":2,\"name\":\"Shop\",\"item\":\"https:\/\/resonanciatiendaholistica.com\/index.php\/shop\/\"},{\"@type\":\"ListItem\",\"position\":3,\"name\":\"DIJE TREBOL GRANDE CONEXI\u00d3N VITAL\"}]},{\"@type\":\"WebSite\",\"@id\":\"https:\/\/resonanciatiendaholistica.com\/#website\",\"url\":\"https:\/\/resonanciatiendaholistica.com\/\",\"name\":\"Resonancia Holistica\",\"description\":\"Descubre nuestros productos hol\u00edsticos y transforma tu espacio, tu cuerpo y tu alma con armon\u00eda y prop\u00f3sito.\",\"potentialAction\":[{\"@type\":\"SearchAction\",\"target\":{\"@type\":\"EntryPoint\",\"urlTemplate\":\"https:\/\/resonanciatiendaholistica.com\/?s={search_term_string}\"},\"query-input\":{\"@type\":\"PropertyValueSpecification\",\"valueRequired\":true,\"valueName\":\"search_term_string\"}}],\"inLanguage\":\"es\"}]}<\/script>\n<!-- \/ Yoast SEO plugin. -->","yoast_head_json":{"title":"DIJE TREBOL GRANDE CONEXI\u00d3N VITAL - Resonancia Holistica","robots":{"index":"index","follow":"follow","max-snippet":"max-snippet:-1","max-image-preview":"max-image-preview:large","max-video-preview":"max-video-preview:-1"},"canonical":"https:\/\/resonanciatiendaholistica.com\/index.php\/producto\/dije-trebol-grande-conexion-vital\/","og_locale":"es_ES","og_type":"article","og_title":"DIJE TREBOL GRANDE CONEXI\u00d3N VITAL - Resonancia Holistica","og_description":"Dije trebol en plat critales naturales - Fabricados de forma artesanal (var\u00edan los colores de la piedras. No hay dos iguales) (No incluye cadena) - Las piezas que se entregar\u00e1n son similares a las de las fotograf\u00edas en color y tama\u00f1o.","og_url":"https:\/\/resonanciatiendaholistica.com\/index.php\/producto\/dije-trebol-grande-conexion-vital\/","og_site_name":"Resonancia Holistica","article_modified_time":"2025-07-30T01:40:30+00:00","og_image":[{"width":1920,"height":2560,"url":"https:\/\/resonanciatiendaholistica.com\/wp-content\/uploads\/2025\/07\/IMG_20250517_160138290_HDR-scaled.jpg","type":"image\/jpeg"}],"twitter_card":"summary_large_image","schema":{"@context":"https:\/\/schema.org","@graph":[{"@type":"WebPage","@id":"https:\/\/resonanciatiendaholistica.com\/index.php\/producto\/dije-trebol-grande-conexion-vital\/","url":"https:\/\/resonanciatiendaholistica.com\/index.php\/producto\/dije-trebol-grande-conexion-vital\/","name":"DIJE TREBOL GRANDE CONEXI\u00d3N VITAL - Resonancia Holistica","isPartOf":{"@id":"https:\/\/resonanciatiendaholistica.com\/#website"},"primaryImageOfPage":{"@id":"https:\/\/resonanciatiendaholistica.com\/index.php\/producto\/dije-trebol-grande-conexion-vital\/#primaryimage"},"image":{"@id":"https:\/\/resonanciatiendaholistica.com\/index.php\/producto\/dije-trebol-grande-conexion-vital\/#primaryimage"},"thumbnailUrl":"https:\/\/resonanciatiendaholistica.com\/wp-content\/uploads\/2025\/07\/IMG_20250517_160138290_HDR-scaled.jpg","datePublished":"2025-07-30T00:47:22+00:00","dateModified":"2025-07-30T01:40:30+00:00","breadcrumb":{"@id":"https:\/\/resonanciatiendaholistica.com\/index.php\/producto\/dije-trebol-grande-conexion-vital\/#breadcrumb"},"inLanguage":"es","potentialAction":[{"@type":"ReadAction","target":["https:\/\/resonanciatiendaholistica.com\/index.php\/producto\/dije-trebol-grande-conexion-vital\/"]}]},{"@type":"ImageObject","inLanguage":"es","@id":"https:\/\/resonanciatiendaholistica.com\/index.php\/producto\/dije-trebol-grande-conexion-vital\/#primaryimage","url":"https:\/\/resonanciatiendaholistica.com\/wp-content\/uploads\/2025\/07\/IMG_20250517_160138290_HDR-scaled.jpg","contentUrl":"https:\/\/resonanciatiendaholistica.com\/wp-content\/uploads\/2025\/07\/IMG_20250517_160138290_HDR-scaled.jpg","width":1920,"height":2560},{"@type":"BreadcrumbList","@id":"https:\/\/resonanciatiendaholistica.com\/index.php\/producto\/dije-trebol-grande-conexion-vital\/#breadcrumb","itemListElement":[{"@type":"ListItem","position":1,"name":"Portada","item":"https:\/\/resonanciatiendaholistica.com\/"},{"@type":"ListItem","position":2,"name":"Shop","item":"https:\/\/resonanciatiendaholistica.com\/index.php\/shop\/"},{"@type":"ListItem","position":3,"name":"DIJE TREBOL GRANDE CONEXI\u00d3N VITAL"}]},{"@type":"WebSite","@id":"https:\/\/resonanciatiendaholistica.com\/#website","url":"https:\/\/resonanciatiendaholistica.com\/","name":"Resonancia Holistica","description":"Descubre nuestros productos hol\u00edsticos y transforma tu espacio, tu cuerpo y tu alma con armon\u00eda y prop\u00f3sito.","potentialAction":[{"@type":"SearchAction","target":{"@type":"EntryPoint","urlTemplate":"https:\/\/resonanciatiendaholistica.com\/?s={search_term_string}"},"query-input":{"@type":"PropertyValueSpecification","valueRequired":true,"valueName":"search_term_string"}}],"inLanguage":"es"}]}},"_links":{"self":[{"href":"https:\/\/resonanciatiendaholistica.com\/index.php\/wp-json\/wp\/v2\/product\/15685","targetHints":{"allow":["GET"]}}],"collection":[{"href":"https:\/\/resonanciatiendaholistica.com\/index.php\/wp-json\/wp\/v2\/product"}],"about":[{"href":"https:\/\/resonanciatiendaholistica.com\/index.php\/wp-json\/wp\/v2\/types\/product"}],"replies":[{"embeddable":true,"href":"https:\/\/resonanciatiendaholistica.com\/index.php\/wp-json\/wp\/v2\/comments?post=15685"}],"version-history":[{"count":1,"href":"https:\/\/resonanciatiendaholistica.com\/index.php\/wp-json\/wp\/v2\/product\/15685\/revisions"}],"predecessor-version":[{"id":15901,"href":"https:\/\/resonanciatiendaholistica.com\/index.php\/wp-json\/wp\/v2\/product\/15685\/revisions\/15901"}],"wp:featuredmedia":[{"embeddable":true,"href":"https:\/\/resonanciatiendaholistica.com\/index.php\/wp-json\/wp\/v2\/media\/15900"}],"wp:attachment":[{"href":"https:\/\/resonanciatiendaholistica.com\/index.php\/wp-json\/wp\/v2\/media?parent=15685"}],"wp:term":[{"taxonomy":"product_brand","embeddable":true,"href":"https:\/\/resonanciatiendaholistica.com\/index.php\/wp-json\/wp\/v2\/product_brand?post=15685"},{"taxonomy":"product_cat","embeddable":true,"href":"https:\/\/resonanciatiendaholistica.com\/index.php\/wp-json\/wp\/v2\/product_cat?post=15685"},{"taxonomy":"product_tag","embeddable":true,"href":"https:\/\/resonanciatiendaholistica.com\/index.php\/wp-json\/wp\/v2\/product_tag?post=15685"}],"curies":[{"name":"wp","href":"https:\/\/api.w.org\/{rel}","templated":true}]}}