{"id":15806,"date":"2025-07-30T00:47:30","date_gmt":"2025-07-30T00:47:30","guid":{"rendered":"https:\/\/resonanciatiendaholistica.com\/index.php\/producto\/bola-feng-shui-de-cristal\/"},"modified":"2025-07-30T00:57:40","modified_gmt":"2025-07-30T00:57:40","slug":"bola-feng-shui-de-cristal","status":"publish","type":"product","link":"https:\/\/resonanciatiendaholistica.com\/index.php\/producto\/bola-feng-shui-de-cristal\/","title":{"rendered":"BOLA FENG SHUI DE CRISTAL"},"content":{"rendered":"","protected":false},"excerpt":{"rendered":"<p>Las Bolas de Feng Shui son esferas de cristal tallado que se colocan en el hogar y sirven para limpiar las malas energ\u00edas. Gracias a sus paredes talladas absorben y distribuyen la energ\u00eda de forma adecuada. Tama\u00f1os disoponibles: 2 cm de di\u00e1metro<br \/>\nAyudan a conseguir ambientes equilibrados, agradables y de energ\u00eda limpia. Distribuyen el chi de las viviendas, corrigiendo y redistribuye el exceso de yang transmut\u00e1ndolo en energ\u00eda ben\u00e9fica.<br \/>\nColocar una bola de Feng Shui en casa, aporta armon\u00eda, energ\u00eda y alegr\u00eda a tu entorno.<\/p>\n","protected":false},"featured_media":15829,"comment_status":"open","ping_status":"closed","template":"","meta":[],"product_brand":[],"product_cat":[20],"product_tag":[],"class_list":{"0":"post-15806","1":"product","2":"type-product","3":"status-publish","4":"has-post-thumbnail","6":"product_cat-accessories","8":"first","9":"instock","10":"shipping-taxable","11":"purchasable","12":"product-type-simple"},"yoast_head":"<!-- This site is optimized with the Yoast SEO plugin v27.0 - https:\/\/yoast.com\/product\/yoast-seo-wordpress\/ -->\n<title>BOLA FENG SHUI DE CRISTAL - Resonancia Holistica<\/title>\n<meta name=\"robots\" content=\"index, follow, max-snippet:-1, max-image-preview:large, max-video-preview:-1\" \/>\n<link rel=\"canonical\" href=\"https:\/\/resonanciatiendaholistica.com\/index.php\/producto\/bola-feng-shui-de-cristal\/\" \/>\n<meta property=\"og:locale\" content=\"es_ES\" \/>\n<meta property=\"og:type\" content=\"article\" \/>\n<meta property=\"og:title\" content=\"BOLA FENG SHUI DE CRISTAL - Resonancia Holistica\" \/>\n<meta property=\"og:description\" content=\"Las Bolas de Feng Shui son esferas de cristal tallado que se colocan en el hogar y sirven para limpiar las malas energ\u00edas. Gracias a sus paredes talladas absorben y distribuyen la energ\u00eda de forma adecuada. Tama\u00f1os disoponibles: 2 cm de di\u00e1metro Ayudan a conseguir ambientes equilibrados, agradables y de energ\u00eda limpia. Distribuyen el chi de las viviendas, corrigiendo y redistribuye el exceso de yang transmut\u00e1ndolo en energ\u00eda ben\u00e9fica. Colocar una bola de Feng Shui en casa, aporta armon\u00eda, energ\u00eda y alegr\u00eda a tu entorno.\" \/>\n<meta property=\"og:url\" content=\"https:\/\/resonanciatiendaholistica.com\/index.php\/producto\/bola-feng-shui-de-cristal\/\" \/>\n<meta property=\"og:site_name\" content=\"Resonancia Holistica\" \/>\n<meta property=\"article:modified_time\" content=\"2025-07-30T00:57:40+00:00\" \/>\n<meta property=\"og:image\" content=\"https:\/\/resonanciatiendaholistica.com\/wp-content\/uploads\/2025\/07\/IMG_20250517_181336412_HDR-scaled.jpg\" \/>\n\t<meta property=\"og:image:width\" content=\"1920\" \/>\n\t<meta property=\"og:image:height\" content=\"2560\" \/>\n\t<meta property=\"og:image:type\" content=\"image\/jpeg\" \/>\n<meta name=\"twitter:card\" content=\"summary_large_image\" \/>\n<script type=\"application\/ld+json\" class=\"yoast-schema-graph\">{\"@context\":\"https:\/\/schema.org\",\"@graph\":[{\"@type\":\"WebPage\",\"@id\":\"https:\/\/resonanciatiendaholistica.com\/index.php\/producto\/bola-feng-shui-de-cristal\/\",\"url\":\"https:\/\/resonanciatiendaholistica.com\/index.php\/producto\/bola-feng-shui-de-cristal\/\",\"name\":\"BOLA FENG SHUI DE CRISTAL - Resonancia Holistica\",\"isPartOf\":{\"@id\":\"https:\/\/resonanciatiendaholistica.com\/#website\"},\"primaryImageOfPage\":{\"@id\":\"https:\/\/resonanciatiendaholistica.com\/index.php\/producto\/bola-feng-shui-de-cristal\/#primaryimage\"},\"image\":{\"@id\":\"https:\/\/resonanciatiendaholistica.com\/index.php\/producto\/bola-feng-shui-de-cristal\/#primaryimage\"},\"thumbnailUrl\":\"https:\/\/resonanciatiendaholistica.com\/wp-content\/uploads\/2025\/07\/IMG_20250517_181336412_HDR-scaled.jpg\",\"datePublished\":\"2025-07-30T00:47:30+00:00\",\"dateModified\":\"2025-07-30T00:57:40+00:00\",\"breadcrumb\":{\"@id\":\"https:\/\/resonanciatiendaholistica.com\/index.php\/producto\/bola-feng-shui-de-cristal\/#breadcrumb\"},\"inLanguage\":\"es\",\"potentialAction\":[{\"@type\":\"ReadAction\",\"target\":[\"https:\/\/resonanciatiendaholistica.com\/index.php\/producto\/bola-feng-shui-de-cristal\/\"]}]},{\"@type\":\"ImageObject\",\"inLanguage\":\"es\",\"@id\":\"https:\/\/resonanciatiendaholistica.com\/index.php\/producto\/bola-feng-shui-de-cristal\/#primaryimage\",\"url\":\"https:\/\/resonanciatiendaholistica.com\/wp-content\/uploads\/2025\/07\/IMG_20250517_181336412_HDR-scaled.jpg\",\"contentUrl\":\"https:\/\/resonanciatiendaholistica.com\/wp-content\/uploads\/2025\/07\/IMG_20250517_181336412_HDR-scaled.jpg\",\"width\":1920,\"height\":2560},{\"@type\":\"BreadcrumbList\",\"@id\":\"https:\/\/resonanciatiendaholistica.com\/index.php\/producto\/bola-feng-shui-de-cristal\/#breadcrumb\",\"itemListElement\":[{\"@type\":\"ListItem\",\"position\":1,\"name\":\"Portada\",\"item\":\"https:\/\/resonanciatiendaholistica.com\/\"},{\"@type\":\"ListItem\",\"position\":2,\"name\":\"Shop\",\"item\":\"https:\/\/resonanciatiendaholistica.com\/index.php\/shop\/\"},{\"@type\":\"ListItem\",\"position\":3,\"name\":\"BOLA FENG SHUI DE CRISTAL\"}]},{\"@type\":\"WebSite\",\"@id\":\"https:\/\/resonanciatiendaholistica.com\/#website\",\"url\":\"https:\/\/resonanciatiendaholistica.com\/\",\"name\":\"Resonancia Holistica\",\"description\":\"Descubre nuestros productos hol\u00edsticos y transforma tu espacio, tu cuerpo y tu alma con armon\u00eda y prop\u00f3sito.\",\"potentialAction\":[{\"@type\":\"SearchAction\",\"target\":{\"@type\":\"EntryPoint\",\"urlTemplate\":\"https:\/\/resonanciatiendaholistica.com\/?s={search_term_string}\"},\"query-input\":{\"@type\":\"PropertyValueSpecification\",\"valueRequired\":true,\"valueName\":\"search_term_string\"}}],\"inLanguage\":\"es\"}]}<\/script>\n<!-- \/ Yoast SEO plugin. -->","yoast_head_json":{"title":"BOLA FENG SHUI DE CRISTAL - Resonancia Holistica","robots":{"index":"index","follow":"follow","max-snippet":"max-snippet:-1","max-image-preview":"max-image-preview:large","max-video-preview":"max-video-preview:-1"},"canonical":"https:\/\/resonanciatiendaholistica.com\/index.php\/producto\/bola-feng-shui-de-cristal\/","og_locale":"es_ES","og_type":"article","og_title":"BOLA FENG SHUI DE CRISTAL - Resonancia Holistica","og_description":"Las Bolas de Feng Shui son esferas de cristal tallado que se colocan en el hogar y sirven para limpiar las malas energ\u00edas. Gracias a sus paredes talladas absorben y distribuyen la energ\u00eda de forma adecuada. Tama\u00f1os disoponibles: 2 cm de di\u00e1metro Ayudan a conseguir ambientes equilibrados, agradables y de energ\u00eda limpia. Distribuyen el chi de las viviendas, corrigiendo y redistribuye el exceso de yang transmut\u00e1ndolo en energ\u00eda ben\u00e9fica. Colocar una bola de Feng Shui en casa, aporta armon\u00eda, energ\u00eda y alegr\u00eda a tu entorno.","og_url":"https:\/\/resonanciatiendaholistica.com\/index.php\/producto\/bola-feng-shui-de-cristal\/","og_site_name":"Resonancia Holistica","article_modified_time":"2025-07-30T00:57:40+00:00","og_image":[{"width":1920,"height":2560,"url":"https:\/\/resonanciatiendaholistica.com\/wp-content\/uploads\/2025\/07\/IMG_20250517_181336412_HDR-scaled.jpg","type":"image\/jpeg"}],"twitter_card":"summary_large_image","schema":{"@context":"https:\/\/schema.org","@graph":[{"@type":"WebPage","@id":"https:\/\/resonanciatiendaholistica.com\/index.php\/producto\/bola-feng-shui-de-cristal\/","url":"https:\/\/resonanciatiendaholistica.com\/index.php\/producto\/bola-feng-shui-de-cristal\/","name":"BOLA FENG SHUI DE CRISTAL - Resonancia Holistica","isPartOf":{"@id":"https:\/\/resonanciatiendaholistica.com\/#website"},"primaryImageOfPage":{"@id":"https:\/\/resonanciatiendaholistica.com\/index.php\/producto\/bola-feng-shui-de-cristal\/#primaryimage"},"image":{"@id":"https:\/\/resonanciatiendaholistica.com\/index.php\/producto\/bola-feng-shui-de-cristal\/#primaryimage"},"thumbnailUrl":"https:\/\/resonanciatiendaholistica.com\/wp-content\/uploads\/2025\/07\/IMG_20250517_181336412_HDR-scaled.jpg","datePublished":"2025-07-30T00:47:30+00:00","dateModified":"2025-07-30T00:57:40+00:00","breadcrumb":{"@id":"https:\/\/resonanciatiendaholistica.com\/index.php\/producto\/bola-feng-shui-de-cristal\/#breadcrumb"},"inLanguage":"es","potentialAction":[{"@type":"ReadAction","target":["https:\/\/resonanciatiendaholistica.com\/index.php\/producto\/bola-feng-shui-de-cristal\/"]}]},{"@type":"ImageObject","inLanguage":"es","@id":"https:\/\/resonanciatiendaholistica.com\/index.php\/producto\/bola-feng-shui-de-cristal\/#primaryimage","url":"https:\/\/resonanciatiendaholistica.com\/wp-content\/uploads\/2025\/07\/IMG_20250517_181336412_HDR-scaled.jpg","contentUrl":"https:\/\/resonanciatiendaholistica.com\/wp-content\/uploads\/2025\/07\/IMG_20250517_181336412_HDR-scaled.jpg","width":1920,"height":2560},{"@type":"BreadcrumbList","@id":"https:\/\/resonanciatiendaholistica.com\/index.php\/producto\/bola-feng-shui-de-cristal\/#breadcrumb","itemListElement":[{"@type":"ListItem","position":1,"name":"Portada","item":"https:\/\/resonanciatiendaholistica.com\/"},{"@type":"ListItem","position":2,"name":"Shop","item":"https:\/\/resonanciatiendaholistica.com\/index.php\/shop\/"},{"@type":"ListItem","position":3,"name":"BOLA FENG SHUI DE CRISTAL"}]},{"@type":"WebSite","@id":"https:\/\/resonanciatiendaholistica.com\/#website","url":"https:\/\/resonanciatiendaholistica.com\/","name":"Resonancia Holistica","description":"Descubre nuestros productos hol\u00edsticos y transforma tu espacio, tu cuerpo y tu alma con armon\u00eda y prop\u00f3sito.","potentialAction":[{"@type":"SearchAction","target":{"@type":"EntryPoint","urlTemplate":"https:\/\/resonanciatiendaholistica.com\/?s={search_term_string}"},"query-input":{"@type":"PropertyValueSpecification","valueRequired":true,"valueName":"search_term_string"}}],"inLanguage":"es"}]}},"_links":{"self":[{"href":"https:\/\/resonanciatiendaholistica.com\/index.php\/wp-json\/wp\/v2\/product\/15806","targetHints":{"allow":["GET"]}}],"collection":[{"href":"https:\/\/resonanciatiendaholistica.com\/index.php\/wp-json\/wp\/v2\/product"}],"about":[{"href":"https:\/\/resonanciatiendaholistica.com\/index.php\/wp-json\/wp\/v2\/types\/product"}],"replies":[{"embeddable":true,"href":"https:\/\/resonanciatiendaholistica.com\/index.php\/wp-json\/wp\/v2\/comments?post=15806"}],"version-history":[{"count":1,"href":"https:\/\/resonanciatiendaholistica.com\/index.php\/wp-json\/wp\/v2\/product\/15806\/revisions"}],"predecessor-version":[{"id":15830,"href":"https:\/\/resonanciatiendaholistica.com\/index.php\/wp-json\/wp\/v2\/product\/15806\/revisions\/15830"}],"wp:featuredmedia":[{"embeddable":true,"href":"https:\/\/resonanciatiendaholistica.com\/index.php\/wp-json\/wp\/v2\/media\/15829"}],"wp:attachment":[{"href":"https:\/\/resonanciatiendaholistica.com\/index.php\/wp-json\/wp\/v2\/media?parent=15806"}],"wp:term":[{"taxonomy":"product_brand","embeddable":true,"href":"https:\/\/resonanciatiendaholistica.com\/index.php\/wp-json\/wp\/v2\/product_brand?post=15806"},{"taxonomy":"product_cat","embeddable":true,"href":"https:\/\/resonanciatiendaholistica.com\/index.php\/wp-json\/wp\/v2\/product_cat?post=15806"},{"taxonomy":"product_tag","embeddable":true,"href":"https:\/\/resonanciatiendaholistica.com\/index.php\/wp-json\/wp\/v2\/product_tag?post=15806"}],"curies":[{"name":"wp","href":"https:\/\/api.w.org\/{rel}","templated":true}]}}